{"id":2012,"date":"2024-06-25T12:36:01","date_gmt":"2024-06-25T10:36:01","guid":{"rendered":"https:\/\/sites8.digitalya.es\/ikimu.com\/?page_id=2012"},"modified":"2024-08-05T16:46:47","modified_gmt":"2024-08-05T14:46:47","slug":"contacto","status":"publish","type":"page","link":"https:\/\/ikimu.com\/contacto\/","title":{"rendered":"Contacto"},"content":{"rendered":"\t\t<div data-elementor-type=\"wp-page\" data-elementor-id=\"2012\" class=\"elementor elementor-2012\" data-elementor-post-type=\"page\">\n\t\t\t\t\t\t<section class=\"elementor-section elementor-top-section elementor-element elementor-element-7d0038d elementor-section-height-min-height elementor-section-boxed elementor-section-height-default elementor-section-items-middle\" data-id=\"7d0038d\" data-element_type=\"section\" data-settings=\"{&quot;background_background&quot;:&quot;classic&quot;,&quot;jet_parallax_layout_list&quot;:[]}\">\n\t\t\t\t\t\t\t<div class=\"elementor-background-overlay\"><\/div>\n\t\t\t\t\t\t\t<div class=\"elementor-container elementor-column-gap-default\">\n\t\t\t\t\t<div class=\"elementor-column elementor-col-100 elementor-top-column elementor-element elementor-element-8c544da\" data-id=\"8c544da\" data-element_type=\"column\">\n\t\t\t<div class=\"elementor-widget-wrap elementor-element-populated\">\n\t\t\t\t\t\t<div class=\"elementor-element elementor-element-b069f28 animated-fast elementor-invisible elementor-widget elementor-widget-heading\" data-id=\"b069f28\" data-element_type=\"widget\" data-settings=\"{&quot;_animation&quot;:&quot;fadeInUp&quot;,&quot;_animation_delay&quot;:300}\" data-widget_type=\"heading.default\">\n\t\t\t\t<div class=\"elementor-widget-container\">\n\t\t\t\t\t<h2 class=\"elementor-heading-title elementor-size-default\">Cont\u00e1ctanos<\/h2>\t\t\t\t<\/div>\n\t\t\t\t<\/div>\n\t\t\t\t\t<\/div>\n\t\t<\/div>\n\t\t\t\t\t<\/div>\n\t\t<\/section>\n\t\t\t\t<section class=\"elementor-section elementor-top-section elementor-element elementor-element-7e624338 elementor-section-boxed elementor-section-height-default elementor-section-height-default\" data-id=\"7e624338\" data-element_type=\"section\" data-settings=\"{&quot;background_background&quot;:&quot;classic&quot;,&quot;jet_parallax_layout_list&quot;:[]}\">\n\t\t\t\t\t\t<div class=\"elementor-container elementor-column-gap-default\">\n\t\t\t\t\t<div class=\"elementor-column elementor-col-100 elementor-top-column elementor-element elementor-element-67a7c15c elementor-invisible\" data-id=\"67a7c15c\" data-element_type=\"column\" data-settings=\"{&quot;animation&quot;:&quot;fadeInUp&quot;,&quot;animation_delay&quot;:500}\">\n\t\t\t<div class=\"elementor-widget-wrap elementor-element-populated\">\n\t\t\t\t\t\t<section class=\"elementor-section elementor-inner-section elementor-element elementor-element-188b93cf elementor-section-content-top elementor-section-boxed elementor-section-height-default elementor-section-height-default\" data-id=\"188b93cf\" data-element_type=\"section\" data-settings=\"{&quot;background_background&quot;:&quot;classic&quot;,&quot;jet_parallax_layout_list&quot;:[]}\">\n\t\t\t\t\t\t<div class=\"elementor-container elementor-column-gap-default\">\n\t\t\t\t\t<div class=\"elementor-column elementor-col-100 elementor-inner-column elementor-element elementor-element-3c7b372d\" data-id=\"3c7b372d\" data-element_type=\"column\">\n\t\t\t<div class=\"elementor-widget-wrap elementor-element-populated\">\n\t\t\t\t\t\t<div class=\"elementor-element elementor-element-b6083c7 elementor-button-align-center elementor-widget elementor-widget-form\" data-id=\"b6083c7\" data-element_type=\"widget\" data-settings=\"{&quot;step_next_label&quot;:&quot;Siguiente&quot;,&quot;step_previous_label&quot;:&quot;Anterior&quot;,&quot;button_width&quot;:&quot;30&quot;,&quot;step_type&quot;:&quot;number_text&quot;,&quot;step_icon_shape&quot;:&quot;circle&quot;}\" data-widget_type=\"form.default\">\n\t\t\t\t<div class=\"elementor-widget-container\">\n\t\t\t\t\t\t\t<form class=\"elementor-form\" method=\"post\" name=\"Nuevo formulario\">\n\t\t\t<input type=\"hidden\" name=\"post_id\" value=\"2012\"\/>\n\t\t\t<input type=\"hidden\" name=\"form_id\" value=\"b6083c7\"\/>\n\t\t\t<input type=\"hidden\" name=\"referer_title\" value=\"IKIMU\" \/>\n\n\t\t\t\n\t\t\t<div class=\"elementor-form-fields-wrapper elementor-labels-above\">\n\t\t\t\t\t\t\t\t<div class=\"elementor-field-type-text elementor-field-group elementor-column elementor-field-group-name elementor-col-50\">\n\t\t\t\t\t\t\t\t\t\t\t\t<label for=\"form-field-name\" class=\"elementor-field-label\">\n\t\t\t\t\t\t\t\tNombre\t\t\t\t\t\t\t<\/label>\n\t\t\t\t\t\t\t\t\t\t\t\t\t\t<input size=\"1\" type=\"text\" name=\"form_fields[name]\" id=\"form-field-name\" class=\"elementor-field elementor-size-sm  elementor-field-textual\" placeholder=\"Nombre\">\n\t\t\t\t\t\t\t\t\t\t\t<\/div>\n\t\t\t\t\t\t\t\t<div class=\"elementor-field-type-tel elementor-field-group elementor-column elementor-field-group-field_48792d0 elementor-col-50\">\n\t\t\t\t\t\t\t\t\t\t\t\t<label for=\"form-field-field_48792d0\" class=\"elementor-field-label\">\n\t\t\t\t\t\t\t\tTel\u00e9fono\t\t\t\t\t\t\t<\/label>\n\t\t\t\t\t\t\t\t<input size=\"1\" type=\"tel\" name=\"form_fields[field_48792d0]\" id=\"form-field-field_48792d0\" class=\"elementor-field elementor-size-sm  elementor-field-textual\" placeholder=\"Tel\u00e9fono\" pattern=\"[0-9()#&amp;+*-=.]+\" title=\"Solo se aceptan n\u00fameros y caracteres de tel\u00e9fono (#,-,*,etc).\">\n\n\t\t\t\t\t\t<\/div>\n\t\t\t\t\t\t\t\t<div class=\"elementor-field-type-email elementor-field-group elementor-column elementor-field-group-email elementor-col-50 elementor-field-required\">\n\t\t\t\t\t\t\t\t\t\t\t\t<label for=\"form-field-email\" class=\"elementor-field-label\">\n\t\t\t\t\t\t\t\tCorreo electr\u00f3nico\t\t\t\t\t\t\t<\/label>\n\t\t\t\t\t\t\t\t\t\t\t\t\t\t<input size=\"1\" type=\"email\" name=\"form_fields[email]\" id=\"form-field-email\" class=\"elementor-field elementor-size-sm  elementor-field-textual\" placeholder=\"Correo electr\u00f3nico\" required=\"required\" aria-required=\"true\">\n\t\t\t\t\t\t\t\t\t\t\t<\/div>\n\t\t\t\t\t\t\t\t<div class=\"elementor-field-type-number elementor-field-group elementor-column elementor-field-group-field_5f2b66a elementor-col-50 elementor-field-required\">\n\t\t\t\t\t\t\t\t\t\t\t\t<label for=\"form-field-field_5f2b66a\" class=\"elementor-field-label\">\n\t\t\t\t\t\t\t\tN\u00famero de personas\t\t\t\t\t\t\t<\/label>\n\t\t\t\t\t\t\t\t\t<input type=\"number\" name=\"form_fields[field_5f2b66a]\" id=\"form-field-field_5f2b66a\" class=\"elementor-field elementor-size-sm  elementor-field-textual\" placeholder=\"N\u00famero de personas\" required=\"required\" aria-required=\"true\" min=\"2\" max=\"\" >\n\t\t\t\t\t\t<\/div>\n\t\t\t\t\t\t\t\t<div class=\"elementor-field-type-date elementor-field-group elementor-column elementor-field-group-field_abb3194 elementor-col-50 elementor-field-required\">\n\t\t\t\t\t\t\t\t\t\t\t\t<label for=\"form-field-field_abb3194\" class=\"elementor-field-label\">\n\t\t\t\t\t\t\t\tFecha de inicio del alquiler\t\t\t\t\t\t\t<\/label>\n\t\t\t\t\t\t\n\t\t<input type=\"date\" name=\"form_fields[field_abb3194]\" id=\"form-field-field_abb3194\" class=\"elementor-field elementor-size-sm  elementor-field-textual elementor-date-field\" placeholder=\"Fecha de inicio del alquiler\" required=\"required\" aria-required=\"true\" pattern=\"[0-9]{4}-[0-9]{2}-[0-9]{2}\">\n\t\t\t\t\t\t<\/div>\n\t\t\t\t\t\t\t\t<div class=\"elementor-field-type-date elementor-field-group elementor-column elementor-field-group-field_9184fae elementor-col-50 elementor-field-required\">\n\t\t\t\t\t\t\t\t\t\t\t\t<label for=\"form-field-field_9184fae\" class=\"elementor-field-label\">\n\t\t\t\t\t\t\t\tFecha de fin del alquiler\t\t\t\t\t\t\t<\/label>\n\t\t\t\t\t\t\n\t\t<input type=\"date\" name=\"form_fields[field_9184fae]\" id=\"form-field-field_9184fae\" class=\"elementor-field elementor-size-sm  elementor-field-textual elementor-date-field\" placeholder=\"Fecha de fin del alquiler de inicio del alquiler\" required=\"required\" aria-required=\"true\" pattern=\"[0-9]{4}-[0-9]{2}-[0-9]{2}\">\n\t\t\t\t\t\t<\/div>\n\t\t\t\t\t\t\t\t<div class=\"elementor-field-type-textarea elementor-field-group elementor-column elementor-field-group-message elementor-col-50\">\n\t\t\t\t\t\t\t\t\t\t\t\t<label for=\"form-field-message\" class=\"elementor-field-label\">\n\t\t\t\t\t\t\t\tEquipamiento extra \t\t\t\t\t\t\t<\/label>\n\t\t\t\t\t\t<textarea class=\"elementor-field-textual elementor-field  elementor-size-sm\" name=\"form_fields[message]\" id=\"form-field-message\" rows=\"4\" placeholder=\"(por ejemplo, bicicletas, equipo de camping)\"><\/textarea>\t\t\t\t<\/div>\n\t\t\t\t\t\t\t\t<div class=\"elementor-field-type-textarea elementor-field-group elementor-column elementor-field-group-field_46186de elementor-col-50\">\n\t\t\t\t\t\t\t\t\t\t\t\t<label for=\"form-field-field_46186de\" class=\"elementor-field-label\">\n\t\t\t\t\t\t\t\tPreferencias adicionales (opcional)\t\t\t\t\t\t\t<\/label>\n\t\t\t\t\t\t<textarea class=\"elementor-field-textual elementor-field  elementor-size-sm\" name=\"form_fields[field_46186de]\" id=\"form-field-field_46186de\" rows=\"4\" placeholder=\"Preferencias adicionales (opcional)\"><\/textarea>\t\t\t\t<\/div>\n\t\t\t\t\t\t\t\t<div class=\"elementor-field-type-acceptance elementor-field-group elementor-column elementor-field-group-field_a8d811e elementor-col-100\">\n\t\t\t\t\t\t\t\t\t\t\t\t<label for=\"form-field-field_a8d811e\" class=\"elementor-field-label\">\n\t\t\t\t\t\t\t\tSeguro adicional\t\t\t\t\t\t\t<\/label>\n\t\t\t\t\t\t\t\t<div class=\"elementor-field-subgroup\">\n\t\t\t<span class=\"elementor-field-option\">\n\t\t\t\t<input type=\"checkbox\" name=\"form_fields[field_a8d811e]\" id=\"form-field-field_a8d811e\" class=\"elementor-field elementor-size-sm  elementor-acceptance-field\">\n\t\t\t\t\t\t\t<\/span>\n\t\t<\/div>\n\t\t\t\t\t\t<\/div>\n\t\t\t\t\t\t\t\t<div class=\"elementor-field-group elementor-column elementor-field-type-submit elementor-col-30 e-form__buttons\">\n\t\t\t\t\t<button class=\"elementor-button elementor-size-sm elementor-animation-grow\" type=\"submit\">\n\t\t\t\t\t\t<span class=\"elementor-button-content-wrapper\">\n\t\t\t\t\t\t\t\t\t\t\t\t\t\t\t\t\t\t\t\t\t\t<span class=\"elementor-button-text\">Enviar<\/span>\n\t\t\t\t\t\t\t\t\t\t\t\t\t<\/span>\n\t\t\t\t\t<\/button>\n\t\t\t\t<\/div>\n\t\t\t<\/div>\n\t\t<\/form>\n\t\t\t\t\t\t<\/div>\n\t\t\t\t<\/div>\n\t\t\t\t\t<\/div>\n\t\t<\/div>\n\t\t\t\t\t<\/div>\n\t\t<\/section>\n\t\t\t\t\t<\/div>\n\t\t<\/div>\n\t\t\t\t\t<\/div>\n\t\t<\/section>\n\t\t\t\t<\/div>\n\t\t","protected":false},"excerpt":{"rendered":"<p>Cont\u00e1ctanos<\/p>\n","protected":false},"author":33,"featured_media":0,"parent":0,"menu_order":0,"comment_status":"closed","ping_status":"closed","template":"elementor_header_footer","meta":{"footnotes":""},"class_list":["post-2012","page","type-page","status-publish"],"yoast_head":"<!-- This site is optimized with the Yoast SEO plugin v24.1 - https:\/\/yoast.com\/wordpress\/plugins\/seo\/ -->\n<title>Bienvenido a Ikimu: Herrer\u00eda, Paisajismo y m\u00e1s | Ikimu<\/title>\n<meta name=\"description\" content=\"En Ikimu, combinamos pasi\u00f3n, creatividad y experiencia para ofrecer una amplia gama de servicios en herrer\u00eda, paisajismo, artes y terapias alternativas.\" \/>\n<meta name=\"robots\" content=\"index, follow, max-snippet:-1, max-image-preview:large, max-video-preview:-1\" \/>\n<link rel=\"canonical\" href=\"https:\/\/ikimu.com\/contacto\/\" \/>\n<meta property=\"og:locale\" content=\"es_ES\" \/>\n<meta property=\"og:type\" content=\"article\" \/>\n<meta property=\"og:title\" content=\"Bienvenido a Ikimu: Herrer\u00eda, Paisajismo y m\u00e1s | Ikimu\" \/>\n<meta property=\"og:description\" content=\"En Ikimu, combinamos pasi\u00f3n, creatividad y experiencia para ofrecer una amplia gama de servicios en herrer\u00eda, paisajismo, artes y terapias alternativas.\" \/>\n<meta property=\"og:url\" content=\"https:\/\/ikimu.com\/contacto\/\" \/>\n<meta property=\"og:site_name\" content=\"IKIMU\" \/>\n<meta property=\"article:modified_time\" content=\"2024-08-05T14:46:47+00:00\" \/>\n<meta name=\"twitter:card\" content=\"summary_large_image\" \/>\n<meta name=\"twitter:label1\" content=\"Tiempo de lectura\" \/>\n\t<meta name=\"twitter:data1\" content=\"1 minuto\" \/>\n<script type=\"application\/ld+json\" class=\"yoast-schema-graph\">{\"@context\":\"https:\/\/schema.org\",\"@graph\":[{\"@type\":\"WebPage\",\"@id\":\"https:\/\/ikimu.com\/contacto\/\",\"url\":\"https:\/\/ikimu.com\/contacto\/\",\"name\":\"Bienvenido a Ikimu: Herrer\u00eda, Paisajismo y m\u00e1s | Ikimu\",\"isPartOf\":{\"@id\":\"https:\/\/ikimu.com\/en\/#website\"},\"datePublished\":\"2024-06-25T10:36:01+00:00\",\"dateModified\":\"2024-08-05T14:46:47+00:00\",\"description\":\"En Ikimu, combinamos pasi\u00f3n, creatividad y experiencia para ofrecer una amplia gama de servicios en herrer\u00eda, paisajismo, artes y terapias alternativas.\",\"breadcrumb\":{\"@id\":\"https:\/\/ikimu.com\/contacto\/#breadcrumb\"},\"inLanguage\":\"es\",\"potentialAction\":[{\"@type\":\"ReadAction\",\"target\":[\"https:\/\/ikimu.com\/contacto\/\"]}]},{\"@type\":\"BreadcrumbList\",\"@id\":\"https:\/\/ikimu.com\/contacto\/#breadcrumb\",\"itemListElement\":[{\"@type\":\"ListItem\",\"position\":1,\"name\":\"Portada\",\"item\":\"https:\/\/ikimu.com\/\"},{\"@type\":\"ListItem\",\"position\":2,\"name\":\"Contacto\"}]},{\"@type\":\"WebSite\",\"@id\":\"https:\/\/ikimu.com\/en\/#website\",\"url\":\"https:\/\/ikimu.com\/en\/\",\"name\":\"IKIMU\",\"description\":\"\",\"publisher\":{\"@id\":\"https:\/\/ikimu.com\/en\/#organization\"},\"potentialAction\":[{\"@type\":\"SearchAction\",\"target\":{\"@type\":\"EntryPoint\",\"urlTemplate\":\"https:\/\/ikimu.com\/en\/?s={search_term_string}\"},\"query-input\":{\"@type\":\"PropertyValueSpecification\",\"valueRequired\":true,\"valueName\":\"search_term_string\"}}],\"inLanguage\":\"es\"},{\"@type\":\"Organization\",\"@id\":\"https:\/\/ikimu.com\/en\/#organization\",\"name\":\"IKIMU\",\"url\":\"https:\/\/ikimu.com\/en\/\",\"logo\":{\"@type\":\"ImageObject\",\"inLanguage\":\"es\",\"@id\":\"https:\/\/ikimu.com\/en\/#\/schema\/logo\/image\/\",\"url\":\"https:\/\/ikimu.com\/wp-content\/uploads\/sites\/281\/2024\/05\/villamor-ok.png\",\"contentUrl\":\"https:\/\/ikimu.com\/wp-content\/uploads\/sites\/281\/2024\/05\/villamor-ok.png\",\"width\":853,\"height\":346,\"caption\":\"IKIMU \"},\"image\":{\"@id\":\"https:\/\/ikimu.com\/en\/#\/schema\/logo\/image\/\"}}]}<\/script>\n<!-- \/ Yoast SEO plugin. -->","yoast_head_json":{"title":"Bienvenido a Ikimu: Herrer\u00eda, Paisajismo y m\u00e1s | Ikimu","description":"En Ikimu, combinamos pasi\u00f3n, creatividad y experiencia para ofrecer una amplia gama de servicios en herrer\u00eda, paisajismo, artes y terapias alternativas.","robots":{"index":"index","follow":"follow","max-snippet":"max-snippet:-1","max-image-preview":"max-image-preview:large","max-video-preview":"max-video-preview:-1"},"canonical":"https:\/\/ikimu.com\/contacto\/","og_locale":"es_ES","og_type":"article","og_title":"Bienvenido a Ikimu: Herrer\u00eda, Paisajismo y m\u00e1s | Ikimu","og_description":"En Ikimu, combinamos pasi\u00f3n, creatividad y experiencia para ofrecer una amplia gama de servicios en herrer\u00eda, paisajismo, artes y terapias alternativas.","og_url":"https:\/\/ikimu.com\/contacto\/","og_site_name":"IKIMU","article_modified_time":"2024-08-05T14:46:47+00:00","twitter_card":"summary_large_image","twitter_misc":{"Tiempo de lectura":"1 minuto"},"schema":{"@context":"https:\/\/schema.org","@graph":[{"@type":"WebPage","@id":"https:\/\/ikimu.com\/contacto\/","url":"https:\/\/ikimu.com\/contacto\/","name":"Bienvenido a Ikimu: Herrer\u00eda, Paisajismo y m\u00e1s | Ikimu","isPartOf":{"@id":"https:\/\/ikimu.com\/en\/#website"},"datePublished":"2024-06-25T10:36:01+00:00","dateModified":"2024-08-05T14:46:47+00:00","description":"En Ikimu, combinamos pasi\u00f3n, creatividad y experiencia para ofrecer una amplia gama de servicios en herrer\u00eda, paisajismo, artes y terapias alternativas.","breadcrumb":{"@id":"https:\/\/ikimu.com\/contacto\/#breadcrumb"},"inLanguage":"es","potentialAction":[{"@type":"ReadAction","target":["https:\/\/ikimu.com\/contacto\/"]}]},{"@type":"BreadcrumbList","@id":"https:\/\/ikimu.com\/contacto\/#breadcrumb","itemListElement":[{"@type":"ListItem","position":1,"name":"Portada","item":"https:\/\/ikimu.com\/"},{"@type":"ListItem","position":2,"name":"Contacto"}]},{"@type":"WebSite","@id":"https:\/\/ikimu.com\/en\/#website","url":"https:\/\/ikimu.com\/en\/","name":"IKIMU","description":"","publisher":{"@id":"https:\/\/ikimu.com\/en\/#organization"},"potentialAction":[{"@type":"SearchAction","target":{"@type":"EntryPoint","urlTemplate":"https:\/\/ikimu.com\/en\/?s={search_term_string}"},"query-input":{"@type":"PropertyValueSpecification","valueRequired":true,"valueName":"search_term_string"}}],"inLanguage":"es"},{"@type":"Organization","@id":"https:\/\/ikimu.com\/en\/#organization","name":"IKIMU","url":"https:\/\/ikimu.com\/en\/","logo":{"@type":"ImageObject","inLanguage":"es","@id":"https:\/\/ikimu.com\/en\/#\/schema\/logo\/image\/","url":"https:\/\/ikimu.com\/wp-content\/uploads\/sites\/281\/2024\/05\/villamor-ok.png","contentUrl":"https:\/\/ikimu.com\/wp-content\/uploads\/sites\/281\/2024\/05\/villamor-ok.png","width":853,"height":346,"caption":"IKIMU "},"image":{"@id":"https:\/\/ikimu.com\/en\/#\/schema\/logo\/image\/"}}]}},"_links":{"self":[{"href":"https:\/\/ikimu.com\/en\/wp-json\/wp\/v2\/pages\/2012","targetHints":{"allow":["GET"]}}],"collection":[{"href":"https:\/\/ikimu.com\/en\/wp-json\/wp\/v2\/pages"}],"about":[{"href":"https:\/\/ikimu.com\/en\/wp-json\/wp\/v2\/types\/page"}],"author":[{"embeddable":true,"href":"https:\/\/ikimu.com\/en\/wp-json\/wp\/v2\/users\/33"}],"replies":[{"embeddable":true,"href":"https:\/\/ikimu.com\/en\/wp-json\/wp\/v2\/comments?post=2012"}],"version-history":[{"count":0,"href":"https:\/\/ikimu.com\/en\/wp-json\/wp\/v2\/pages\/2012\/revisions"}],"wp:attachment":[{"href":"https:\/\/ikimu.com\/en\/wp-json\/wp\/v2\/media?parent=2012"}],"curies":[{"name":"wp","href":"https:\/\/api.w.org\/{rel}","templated":true}]}}